{"id":113,"date":"2025-11-09T23:40:39","date_gmt":"2025-11-09T23:40:39","guid":{"rendered":"https:\/\/papelesditar.vixnex.com\/index.php\/responsabilidad-social-2\/"},"modified":"2025-11-09T23:41:16","modified_gmt":"2025-11-09T23:41:16","slug":"responsabilidad-social-2","status":"publish","type":"page","link":"https:\/\/papelesditar.vixnex.com\/index.php\/responsabilidad-social-2\/","title":{"rendered":"Responsabilidad Social"},"content":{"rendered":"\t\t<div data-elementor-type=\"wp-page\" data-elementor-id=\"113\" class=\"elementor elementor-113\" data-elementor-post-type=\"page\">\n\t\t\t\t<div class=\"elementor-element elementor-element-7e910a2d e-flex e-con-boxed e-con e-parent\" data-id=\"7e910a2d\" data-element_type=\"container\">\n\t\t\t\t\t<div class=\"e-con-inner\">\n\t\t\t\t<div class=\"elementor-element elementor-element-21ce29ef elementor-widget elementor-widget-heading\" data-id=\"21ce29ef\" data-element_type=\"widget\" data-widget_type=\"heading.default\">\n\t\t\t\t\t<h2 class=\"elementor-heading-title elementor-size-default\">Cuando eliges Ditar, \u200deliges empoderar, inspirar y proteger un futuro sostenible para +200 mujeres artesanas<\/h2>\t\t\t\t<\/div>\n\t\t\t\t<div class=\"elementor-element elementor-element-79608ae2 elementor-widget__width-initial elementor-widget elementor-widget-heading\" data-id=\"79608ae2\" data-element_type=\"widget\" data-widget_type=\"heading.default\">\n\t\t\t\t\t<span class=\"elementor-heading-title elementor-size-default\">Ahora haz tu mejor papel por el\nplaneta y lleva siempre contigo<\/span>\t\t\t\t<\/div>\n\t\t\t\t<div class=\"elementor-element elementor-element-13e0676 elementor-widget__width-initial elementor-widget elementor-widget-heading\" data-id=\"13e0676\" data-element_type=\"widget\" data-widget_type=\"heading.default\">\n\t\t\t\t\t<span class=\"elementor-heading-title elementor-size-default\">Tu bolsa hecha a mano.<\/span>\t\t\t\t<\/div>\n\t\t\t\t<div class=\"elementor-element elementor-element-1691fe47 elementor-widget elementor-widget-video\" data-id=\"1691fe47\" data-element_type=\"widget\" data-settings=\"{&quot;youtube_url&quot;:&quot;https:\\\/\\\/youtu.be\\\/V-4iXfT0fSY&quot;,&quot;video_type&quot;:&quot;youtube&quot;,&quot;controls&quot;:&quot;yes&quot;}\" data-widget_type=\"video.default\">\n\t\t\t\t\t\t\t<div class=\"elementor-wrapper elementor-open-inline\">\n\t\t\t<div class=\"elementor-video\"><\/div>\t\t<\/div>\n\t\t\t\t\t\t<\/div>\n\t\t\t\t<div class=\"elementor-element elementor-element-540aefd5 elementor-widget__width-initial elementor-widget elementor-widget-heading\" data-id=\"540aefd5\" data-element_type=\"widget\" data-widget_type=\"heading.default\">\n\t\t\t\t\t<span class=\"elementor-heading-title elementor-size-default\">Visita nuestras redes sociales y descubre m\u00e1s de nuestras pr\u00e1cticas sostenibles.<\/span>\t\t\t\t<\/div>\n\t\t\t\t\t<\/div>\n\t\t\t\t<\/div>\n\t\t<div class=\"elementor-element elementor-element-548c3a02 e-flex e-con-boxed e-con e-parent\" data-id=\"548c3a02\" data-element_type=\"container\">\n\t\t\t\t\t<div class=\"e-con-inner\">\n\t\t\t\t<div class=\"elementor-element elementor-element-3914c996 elementor-widget elementor-widget-heading\" data-id=\"3914c996\" data-element_type=\"widget\" data-widget_type=\"heading.default\">\n\t\t\t\t\t<h1 class=\"elementor-heading-title elementor-size-default\">Bolsas Artesanales que Transforman Vidas y Cuidan el Planeta<\/h1>\t\t\t\t<\/div>\n\t\t\t\t\t<\/div>\n\t\t\t\t<\/div>\n\t\t<div class=\"elementor-element elementor-element-4df9e2ee e-flex e-con-boxed e-con e-parent\" data-id=\"4df9e2ee\" data-element_type=\"container\">\n\t\t\t\t\t<div class=\"e-con-inner\">\n\t\t\t\t<div class=\"elementor-element elementor-element-6c53b039 elementor-widget elementor-widget-text-editor\" data-id=\"6c53b039\" data-element_type=\"widget\" data-widget_type=\"text-editor.default\">\n\t\t\t\t\t\t\t\t\t<article class=\"text-token-text-primary w-full focus:outline-none [--shadow-height:45px] has-data-writing-block:pointer-events-none has-data-writing-block:-mt-(--shadow-height) has-data-writing-block:pt-(--shadow-height) [&amp;:has([data-writing-block])&gt;*]:pointer-events-auto scroll-mt-[calc(var(--header-height)+min(200px,max(70px,20svh)))]\" dir=\"auto\" tabindex=\"-1\" data-turn-id=\"request-68fbb33f-c484-832f-aed8-78b4564b4fa3-21\" data-testid=\"conversation-turn-46\" data-scroll-anchor=\"true\" data-turn=\"assistant\"><div class=\"text-base my-auto mx-auto pb-10 [--thread-content-margin:--spacing(4)] thread-sm:[--thread-content-margin:--spacing(6)] thread-lg:[--thread-content-margin:--spacing(16)] px-(--thread-content-margin)\"><div class=\"[--thread-content-max-width:40rem] thread-lg:[--thread-content-max-width:48rem] mx-auto max-w-(--thread-content-max-width) flex-1 group\/turn-messages focus-visible:outline-hidden relative flex w-full min-w-0 flex-col agent-turn\" tabindex=\"-1\"><div class=\"flex max-w-full flex-col grow\"><div class=\"min-h-8 text-message relative flex w-full flex-col items-end gap-2 text-start break-words whitespace-normal [.text-message+&amp;]:mt-1\" dir=\"auto\" data-message-author-role=\"assistant\" data-message-id=\"11107fa2-86b1-4e3d-aee9-00cb634af2a0\" data-message-model-slug=\"gpt-5\"><div class=\"flex w-full flex-col gap-1 empty:hidden first:pt-[1px]\"><div class=\"markdown prose dark:prose-invert w-full break-words light markdown-new-styling\"><p data-start=\"80\" data-end=\"636\" data-is-last-node=\"\" data-is-only-node=\"\">En Ditar creemos que el consumo consciente puede generar un impacto positivo real, y por eso nuestras Bolsas Artesanales que Transforman Vidas y Cuidan el Planeta son mucho m\u00e1s que un accesorio.<br \/>Representan un compromiso con la sostenibilidad y el empoderamiento femenino.<br \/>Cada bolsa es creada cuidadosamente por mujeres artesanas que ponen su talento y dedicaci\u00f3n en cada detalle, impulsando sus comunidades mientras contribuyen activamente a la protecci\u00f3n del medio ambiente. <br \/>Con cada elecci\u00f3n, t\u00fa te conviertes en parte de este prop\u00f3sito compartido.<\/p><p data-start=\"80\" data-end=\"636\" data-is-last-node=\"\" data-is-only-node=\"\">Elegir Ditar es mucho m\u00e1s que adquirir una bolsa: es apoyar un movimiento que impulsa la independencia econ\u00f3mica y el bienestar de m\u00e1s de 200 mujeres artesanas. <br \/>Cada pieza es elaborada a mano con dedicaci\u00f3n, preservando t\u00e9cnicas tradicionales y promoviendo un modelo de producci\u00f3n consciente que genera impacto real en comunidades locales.<\/p><p data-start=\"519\" data-end=\"827\">Cada bolsa cuenta una historia. Una historia de empoderamiento, de transformaci\u00f3n social y de responsabilidad ambiental. <br \/>Al llevarla contigo, no solo sumas estilo y funcionalidad a tu d\u00eda a d\u00eda, sino que tambi\u00e9n te conviertes en embajador de un consumo responsable que inspira a otros a ser parte del cambio.<\/p><p data-start=\"829\" data-end=\"1094\">Haz tu mejor papel por el planeta. <br \/>Llevar una bolsa Ditar es elegir un futuro m\u00e1s sostenible, humano y conectado con el prop\u00f3sito de proteger nuestro entorno mientras apoyamos el talento de mujeres que crean con el coraz\u00f3n y trabajan por sus familias y comunidades.<\/p><\/div><\/div><\/div><\/div><div class=\"z-0 flex min-h-[46px] justify-start\">\u00a0<\/div><\/div><\/div><\/article>\t\t\t\t\t\t\t\t<\/div>\n\t\t\t\t\t<\/div>\n\t\t\t\t<\/div>\n\t\t<div class=\"elementor-element elementor-element-17c3dfd4 e-flex e-con-boxed e-con e-parent\" data-id=\"17c3dfd4\" data-element_type=\"container\">\n\t\t\t\t\t<div class=\"e-con-inner\">\n\t\t\t\t<div class=\"elementor-element elementor-element-559fe8e5 elementor-widget elementor-widget-text-editor\" data-id=\"559fe8e5\" data-element_type=\"widget\" data-widget_type=\"text-editor.default\">\n\t\t\t\t\t\t\t\t\t<p><a title=\"Responsabilidad Social - Ditar Grandes Fabricantes Bolsas\" href=\"\/\" target=\"_blank\" rel=\"noopener\">Responsabilidad Social &#8211; Ditar Grandes Fabricantes Bolsas<\/a><\/p><p>\u00a0<\/p><p>Compartir En:<\/p><p><a title=\"Grandes Fabricantes de Bolsas de Papel Twitter\" href=\"https:\/\/twitter.com\/intent\/tweet?url=https%3A%2F%2Fwww.ditar.co%2F&amp;text=\" target=\"_blank\" rel=\"nofollow noopener\">Twitter (X)<\/a> | <a title=\"Grandes Fabricantes de Bolsas de Papel Facebook\" href=\"https:\/\/www.facebook.com\/sharer\/sharer.php?u=https%3A%2F%2Fwww.ditar.co%2F\" target=\"_blank\" rel=\"nofollow noopener\">Facebook<\/a> | <a title=\"Grandes Fabricantes de Bolsas de Papel LinkedIn\" href=\"http:\/\/www.linkedin.com\/shareArticle?mini=true&amp;url=https%3A%2F%2Fwww.ditar.co%2F&amp;title=\" target=\"_blank\" rel=\"nofollow noopener\">LinkedIn<\/a><\/p>\t\t\t\t\t\t\t\t<\/div>\n\t\t\t\t\t<\/div>\n\t\t\t\t<\/div>\n\t\t\t\t<\/div>\n\t\t","protected":false},"excerpt":{"rendered":"<p>Cuando eliges Ditar, \u200deliges empoderar, inspirar y proteger un futuro sostenible para +200 mujeres artesanas Ahora haz tu mejor papel por el planeta y lleva siempre contigo Tu bolsa hecha a mano. https:\/\/youtu.be\/V-4iXfT0fSY Visita nuestras redes sociales y descubre m\u00e1s de nuestras pr\u00e1cticas sostenibles. Bolsas Artesanales que Transforman Vidas y Cuidan el Planeta En Ditar [&hellip;]<\/p>\n","protected":false},"author":1,"featured_media":0,"parent":0,"menu_order":0,"comment_status":"closed","ping_status":"closed","template":"","meta":{"footnotes":""},"class_list":["post-113","page","type-page","status-publish","hentry"],"_links":{"self":[{"href":"https:\/\/papelesditar.vixnex.com\/index.php\/wp-json\/wp\/v2\/pages\/113","targetHints":{"allow":["GET"]}}],"collection":[{"href":"https:\/\/papelesditar.vixnex.com\/index.php\/wp-json\/wp\/v2\/pages"}],"about":[{"href":"https:\/\/papelesditar.vixnex.com\/index.php\/wp-json\/wp\/v2\/types\/page"}],"author":[{"embeddable":true,"href":"https:\/\/papelesditar.vixnex.com\/index.php\/wp-json\/wp\/v2\/users\/1"}],"replies":[{"embeddable":true,"href":"https:\/\/papelesditar.vixnex.com\/index.php\/wp-json\/wp\/v2\/comments?post=113"}],"version-history":[{"count":4,"href":"https:\/\/papelesditar.vixnex.com\/index.php\/wp-json\/wp\/v2\/pages\/113\/revisions"}],"predecessor-version":[{"id":193,"href":"https:\/\/papelesditar.vixnex.com\/index.php\/wp-json\/wp\/v2\/pages\/113\/revisions\/193"}],"wp:attachment":[{"href":"https:\/\/papelesditar.vixnex.com\/index.php\/wp-json\/wp\/v2\/media?parent=113"}],"curies":[{"name":"wp","href":"https:\/\/api.w.org\/{rel}","templated":true}]}}